{"id":12226,"date":"2017-05-24T08:10:50","date_gmt":"2017-05-24T08:10:50","guid":{"rendered":"http:\/\/www.reciplasa.es\/convocatorias\/"},"modified":"2023-06-09T08:12:32","modified_gmt":"2023-06-09T08:12:32","slug":"convocatories","status":"publish","type":"page","link":"https:\/\/www.reciplasa.es\/va\/convocatories\/","title":{"rendered":"Convocat\u00f2ries"},"content":{"rendered":"\r\n<h2>Convocat\u00f2ries<\/h2>\r\n<p>Ac\u00ed les trobar\u00e0s classificades per any:<\/p>\r\n<div class=\"accordion\"><h3><i class=\"fa fa-plus\"><\/i><i class=\"fa fa-minus\"><\/i>A\u00f1o 2023<\/h3><div><p><\/p>\r\n<p><a href=\"https:\/\/www.reciplasa.es\/wp-content\/uploads\/2013\/12\/Convocatoria-Junta-General-Extraordinaria-12_07_23.pdf\">Convocat\u00f2ria Junta General Extraordin\u00e0ria 12 juliol<\/a><\/p>\r\n<p><a href=\"https:\/\/www.reciplasa.es\/wp-content\/uploads\/2023\/04\/Convocatoria-Junta-General-3-mayo.pdf\">Convocat\u00f2ria Junta General 3 maig<\/a> <\/p><\/div><h3><i class=\"fa fa-plus\"><\/i><i class=\"fa fa-minus\"><\/i>A\u00f1o 2022<\/h3><div><p><\/p>\r\n<p><a href=\"https:\/\/www.reciplasa.es\/wp-content\/uploads\/2022\/10\/Convocato\u0300ria-Junta-General-19-doctubre.pdf\">Convocato\u0300ria Junta General 19 d&#8217;octubre<\/a><\/p>\r\n<p><a href=\"https:\/\/www.reciplasa.es\/wp-content\/uploads\/2022\/04\/Orden-del-dia-Junta-General-11-mayo.pdf\">Ordre del dia Junta General 11 maig 2022<\/a><\/p>\r\n<p><\/p><\/div><h3><i class=\"fa fa-plus\"><\/i><i class=\"fa fa-minus\"><\/i>Any 2021<\/h3><div><p><\/p>\r\n<p><a href=\"https:\/\/www.reciplasa.es\/wp-content\/uploads\/2021\/04\/Ordre-del-dia-5-maig-Junta-General.pdf\">Ordre del dia Junta General <\/a><a href=\"https:\/\/www.reciplasa.es\/wp-content\/uploads\/2021\/04\/Ordre-del-dia-5-maig-Junta-General.pdf\">5 maig 2021<\/a><\/p>\r\n<p><\/p><\/div><h3><i class=\"fa fa-plus\"><\/i><i class=\"fa fa-minus\"><\/i>Any 2020<\/h3><div><p><\/p>\r\n<p><a href=\"http:\/\/www.reciplasa.es\/wp-content\/uploads\/2013\/12\/Ordre-del-dia-Junta-General-2-juny-2020.pdf\">Ordre del dia Junta General 2 juny 2020<\/a><\/p>\r\n<p><\/p><\/div><h3><i class=\"fa fa-plus\"><\/i><i class=\"fa fa-minus\"><\/i>Any 2019<\/h3><div><p><\/p>\r\n<p><a href=\"http:\/\/www.reciplasa.es\/wp-content\/uploads\/2017\/05\/Ordre-del-d\u00eda-Junta-General-Extraordin\u00e0ria-2-julio-2019.pdf\">Ordre del dia Junta General Extraordin\u00e0ria 2 juliol 2019<\/a><\/p>\r\n<p><a href=\"http:\/\/www.reciplasa.es\/wp-content\/uploads\/2013\/12\/Convocatoria-Junta-General-Ordin\u00e0ria-2-mayo-2019.pdf\">Convocat\u00f2ria Junta General Ordin\u00e0ria 2 maig 2019<\/a><\/p>\r\n<p><a href=\"http:\/\/www.reciplasa.es\/wp-content\/uploads\/2013\/12\/Convocatoria-Junta-General-Extraordinaria-19-febrero-2019.pdf\">Convocat\u00f2ria Junta General 19 de febrer 2019<\/a><\/p>\r\n<p><a href=\"http:\/\/www.reciplasa.es\/wp-content\/uploads\/2013\/12\/Ordre-del-Dia-Junta-General-Extraordin\u00e0ria-18-desembre-2019.pdf\">Ordre del dia convocat\u00f2ria Junta General Extraordin\u00e0ria 18 desembre 2019<\/a><\/p>\r\n<p><a href=\"http:\/\/www.reciplasa.es\/wp-content\/uploads\/2019\/11\/Convocatoria-Junta-General-Extraordinaria-18-diciembre-2019.pdf\">Convocat\u00f2ria Junta General Extraordin\u00e0ria 18 desembre 2019<\/a><\/p>\r\n<p><\/p><\/div><h3><i class=\"fa fa-plus\"><\/i><i class=\"fa fa-minus\"><\/i>Any 2018<\/h3><div><p><\/p>\r\n<p><a href=\"http:\/\/www.reciplasa.es\/wp-content\/uploads\/2017\/05\/Convocatoria-JG-181218-Val.pdf\">Convocat\u00f2ria Junta General 18 desembre 2018<\/a><\/p>\r\n<p><a href=\"http:\/\/www.reciplasa.es\/wp-content\/uploads\/2013\/12\/Convocatoria-Junta-General-8-mayo-2018-valen.pdf\" target=\"_blank\" rel=\"noopener noreferrer\">Convocat\u00f2ria Junta General 8 maig 2018<\/a><br \/><\/p><\/div><h3><i class=\"fa fa-plus\"><\/i><i class=\"fa fa-minus\"><\/i>Any 2017<\/h3><div><p><\/p>\r\n<p><a href=\"http:\/\/www.reciplasa.es\/wp-content\/uploads\/2013\/12\/Convocatoria-Junta-General-Extraordinaria-25-julio-2017.pdf\" target=\"_blank\" rel=\"noopener noreferrer\">Convocat\u00f2ria Junta General Extraordin\u00e0ria 25 juliol 2017<\/a><br \/><a href=\"http:\/\/www.reciplasa.es\/wp-content\/uploads\/2013\/12\/convocatorias1.pdf\" target=\"_blank\" rel=\"noopener noreferrer\">Convocat\u00f2ria Junta General Ordin\u00e0ria 9 maig 2017<\/a><\/p>\r\n<p><a href=\"http:\/\/www.reciplasa.es\/wp-content\/uploads\/2013\/12\/convocatoria3.pdf\" target=\"_blank\" rel=\"noopener noreferrer\">Convocat\u00f2ria Junta General Ordin\u00e0ria 9 maig 2017<\/a><br \/><\/p><\/div><h3><i class=\"fa fa-plus\"><\/i><i class=\"fa fa-minus\"><\/i>A\u00f1o 2016<\/h3><div><p><br \/><a href=\"http:\/\/www.reciplasa.es\/wp-content\/uploads\/2013\/12\/convocatoria6.pdf\" target=\"_blank\" rel=\"noopener noreferrer\">Convocat\u00f2ria Junta General Ordin\u00e0ria 7 juny 2016<\/a><br \/><\/p><\/div><h3><i class=\"fa fa-plus\"><\/i><i class=\"fa fa-minus\"><\/i>A\u00f1o 2015<\/h3><div><p><br \/><a href=\"http:\/\/www.reciplasa.es\/wp-content\/uploads\/2013\/12\/convocatoria5.pdf\" target=\"_blank\" rel=\"noopener noreferrer\">Convocat\u00f2ria Junta General Ordin\u00e0ria 29 abril 2015<\/a><br \/><\/p><\/div><h3><i class=\"fa fa-plus\"><\/i><i class=\"fa fa-minus\"><\/i>A\u00f1o 2014<\/h3><div><p><br \/><a href=\"http:\/\/www.reciplasa.es\/wp-content\/uploads\/2013\/12\/Convocatorias.pdf\" target=\"_blank\" rel=\"noopener noreferrer\">Convocat\u00f2ria Junta General Extraordin\u00e0ria 22 desembre 2014<\/a><\/p>\r\n<p><a href=\"http:\/\/www.reciplasa.es\/wp-content\/uploads\/2013\/12\/convocatorias2.pdf\" target=\"_blank\" rel=\"noopener noreferrer\">Convocat\u00f2ria Junta General Ordin\u00e0ria 5 maig 2014<\/a><br \/><\/p><\/div><\/div>\n\r\n","protected":false},"excerpt":{"rendered":"<p>Convocat\u00f2ries Ac\u00ed les trobar\u00e0s classificades per any: A\u00f1o 2023 Convocat\u00f2ria Junta General Extraordin\u00e0ria 12 juliol Convocat\u00f2ria Junta General 3 maig A\u00f1o 2022 Convocato\u0300ria Junta General 19 d&#8217;octubre Ordre del dia Junta General 11 maig 2022 Any 2021 Ordre del dia Junta General 5 maig 2021 Any 2020 Ordre del dia Junta General 2 juny 2020Dale que hay m\u00e1s &#8230;<\/p>\n","protected":false},"author":1,"featured_media":0,"parent":0,"menu_order":0,"comment_status":"closed","ping_status":"closed","template":"","meta":{"footnotes":""},"class_list":["post-12226","page","type-page","status-publish","hentry"],"yoast_head":"<!-- This site is optimized with the Yoast SEO plugin v27.4 - https:\/\/yoast.com\/product\/yoast-seo-wordpress\/ -->\n<title>Convocat\u00f2ries - RECIPLASA<\/title>\n<meta name=\"robots\" content=\"index, follow, max-snippet:-1, max-image-preview:large, max-video-preview:-1\" \/>\n<link rel=\"canonical\" href=\"https:\/\/www.reciplasa.es\/convocatorias\/\" \/>\n<meta property=\"og:locale\" content=\"en_US\" \/>\n<meta property=\"og:type\" content=\"article\" \/>\n<meta property=\"og:title\" content=\"Convocat\u00f2ries - RECIPLASA\" \/>\n<meta property=\"og:description\" content=\"Convocat\u00f2ries Ac\u00ed les trobar\u00e0s classificades per any: A\u00f1o 2023 Convocat\u00f2ria Junta General Extraordin\u00e0ria 12 juliol Convocat\u00f2ria Junta General 3 maig A\u00f1o 2022 Convocato\u0300ria Junta General 19 d&#8217;octubre Ordre del dia Junta General 11 maig 2022 Any 2021 Ordre del dia Junta General 5 maig 2021 Any 2020 Ordre del dia Junta General 2 juny 2020Dale que hay m\u00e1s ...\" \/>\n<meta property=\"og:url\" content=\"https:\/\/www.reciplasa.es\/convocatorias\/\" \/>\n<meta property=\"og:site_name\" content=\"RECIPLASA\" \/>\n<meta property=\"article:modified_time\" content=\"2023-06-09T08:12:32+00:00\" \/>\n<meta name=\"twitter:card\" content=\"summary_large_image\" \/>\n<meta name=\"twitter:label1\" content=\"Est. reading time\" \/>\n\t<meta name=\"twitter:data1\" content=\"1 minute\" \/>\n<script type=\"application\/ld+json\" class=\"yoast-schema-graph\">{\"@context\":\"https:\\\/\\\/schema.org\",\"@graph\":[{\"@type\":\"WebPage\",\"@id\":\"https:\\\/\\\/www.reciplasa.es\\\/convocatorias\\\/\",\"url\":\"https:\\\/\\\/www.reciplasa.es\\\/convocatorias\\\/\",\"name\":\"Convocat\u00f2ries - RECIPLASA\",\"isPartOf\":{\"@id\":\"https:\\\/\\\/www.reciplasa.es\\\/#website\"},\"datePublished\":\"2017-05-24T08:10:50+00:00\",\"dateModified\":\"2023-06-09T08:12:32+00:00\",\"breadcrumb\":{\"@id\":\"https:\\\/\\\/www.reciplasa.es\\\/convocatorias\\\/#breadcrumb\"},\"inLanguage\":\"va-VA\",\"potentialAction\":[{\"@type\":\"ReadAction\",\"target\":[\"https:\\\/\\\/www.reciplasa.es\\\/convocatorias\\\/\"]}]},{\"@type\":\"BreadcrumbList\",\"@id\":\"https:\\\/\\\/www.reciplasa.es\\\/convocatorias\\\/#breadcrumb\",\"itemListElement\":[{\"@type\":\"ListItem\",\"position\":1,\"name\":\"Portada\",\"item\":\"https:\\\/\\\/www.reciplasa.es\\\/va\\\/\"},{\"@type\":\"ListItem\",\"position\":2,\"name\":\"Convocat\u00f2ries\"}]},{\"@type\":\"WebSite\",\"@id\":\"https:\\\/\\\/www.reciplasa.es\\\/#website\",\"url\":\"https:\\\/\\\/www.reciplasa.es\\\/\",\"name\":\"RECIPLASA\",\"description\":\"Reciclats de Residus La Plana SA\",\"potentialAction\":[{\"@type\":\"SearchAction\",\"target\":{\"@type\":\"EntryPoint\",\"urlTemplate\":\"https:\\\/\\\/www.reciplasa.es\\\/?s={search_term_string}\"},\"query-input\":{\"@type\":\"PropertyValueSpecification\",\"valueRequired\":true,\"valueName\":\"search_term_string\"}}],\"inLanguage\":\"va-VA\"}]}<\/script>\n<!-- \/ Yoast SEO plugin. -->","yoast_head_json":{"title":"Convocat\u00f2ries - RECIPLASA","robots":{"index":"index","follow":"follow","max-snippet":"max-snippet:-1","max-image-preview":"max-image-preview:large","max-video-preview":"max-video-preview:-1"},"canonical":"https:\/\/www.reciplasa.es\/convocatorias\/","og_locale":"en_US","og_type":"article","og_title":"Convocat\u00f2ries - RECIPLASA","og_description":"Convocat\u00f2ries Ac\u00ed les trobar\u00e0s classificades per any: A\u00f1o 2023 Convocat\u00f2ria Junta General Extraordin\u00e0ria 12 juliol Convocat\u00f2ria Junta General 3 maig A\u00f1o 2022 Convocato\u0300ria Junta General 19 d&#8217;octubre Ordre del dia Junta General 11 maig 2022 Any 2021 Ordre del dia Junta General 5 maig 2021 Any 2020 Ordre del dia Junta General 2 juny 2020Dale que hay m\u00e1s ...","og_url":"https:\/\/www.reciplasa.es\/convocatorias\/","og_site_name":"RECIPLASA","article_modified_time":"2023-06-09T08:12:32+00:00","twitter_card":"summary_large_image","twitter_misc":{"Est. reading time":"1 minute"},"schema":{"@context":"https:\/\/schema.org","@graph":[{"@type":"WebPage","@id":"https:\/\/www.reciplasa.es\/convocatorias\/","url":"https:\/\/www.reciplasa.es\/convocatorias\/","name":"Convocat\u00f2ries - RECIPLASA","isPartOf":{"@id":"https:\/\/www.reciplasa.es\/#website"},"datePublished":"2017-05-24T08:10:50+00:00","dateModified":"2023-06-09T08:12:32+00:00","breadcrumb":{"@id":"https:\/\/www.reciplasa.es\/convocatorias\/#breadcrumb"},"inLanguage":"va-VA","potentialAction":[{"@type":"ReadAction","target":["https:\/\/www.reciplasa.es\/convocatorias\/"]}]},{"@type":"BreadcrumbList","@id":"https:\/\/www.reciplasa.es\/convocatorias\/#breadcrumb","itemListElement":[{"@type":"ListItem","position":1,"name":"Portada","item":"https:\/\/www.reciplasa.es\/va\/"},{"@type":"ListItem","position":2,"name":"Convocat\u00f2ries"}]},{"@type":"WebSite","@id":"https:\/\/www.reciplasa.es\/#website","url":"https:\/\/www.reciplasa.es\/","name":"RECIPLASA","description":"Reciclats de Residus La Plana SA","potentialAction":[{"@type":"SearchAction","target":{"@type":"EntryPoint","urlTemplate":"https:\/\/www.reciplasa.es\/?s={search_term_string}"},"query-input":{"@type":"PropertyValueSpecification","valueRequired":true,"valueName":"search_term_string"}}],"inLanguage":"va-VA"}]}},"_links":{"self":[{"href":"https:\/\/www.reciplasa.es\/va\/wp-json\/wp\/v2\/pages\/12226","targetHints":{"allow":["GET"]}}],"collection":[{"href":"https:\/\/www.reciplasa.es\/va\/wp-json\/wp\/v2\/pages"}],"about":[{"href":"https:\/\/www.reciplasa.es\/va\/wp-json\/wp\/v2\/types\/page"}],"author":[{"embeddable":true,"href":"https:\/\/www.reciplasa.es\/va\/wp-json\/wp\/v2\/users\/1"}],"replies":[{"embeddable":true,"href":"https:\/\/www.reciplasa.es\/va\/wp-json\/wp\/v2\/comments?post=12226"}],"version-history":[{"count":25,"href":"https:\/\/www.reciplasa.es\/va\/wp-json\/wp\/v2\/pages\/12226\/revisions"}],"predecessor-version":[{"id":22912,"href":"https:\/\/www.reciplasa.es\/va\/wp-json\/wp\/v2\/pages\/12226\/revisions\/22912"}],"wp:attachment":[{"href":"https:\/\/www.reciplasa.es\/va\/wp-json\/wp\/v2\/media?parent=12226"}],"curies":[{"name":"wp","href":"https:\/\/api.w.org\/{rel}","templated":true}]}}