{"id":12612,"date":"2017-06-20T11:21:03","date_gmt":"2017-06-20T11:21:03","guid":{"rendered":"http:\/\/www.reciplasa.es\/ponencias\/"},"modified":"2017-06-21T07:31:29","modified_gmt":"2017-06-21T07:31:29","slug":"ponencias","status":"publish","type":"page","link":"https:\/\/www.reciplasa.es\/va\/ponencias\/","title":{"rendered":"Ponencias"},"content":{"rendered":"<p>En esta p\u00e1gina podr\u00e9is encontrar\u00a0las presentaciones de todas las ponencias en las que colabore Reciplasa.<\/p>\n<h2><span style=\"font-size: 14pt; color: #000000;\"><strong>Ponencias de la mesa redonda del 5 de junio 2017<\/strong><\/span><\/h2>\n<p>La mesa redonda sobre la\u00a0&#8220;Gesti\u00f3n de Residuos S\u00f3lidos Urbanos (RSU): retos y alternativas de futuro&#8221; fue organizada por la C\u00e1tedra Reciplasa en el Menador de Castell\u00f3n, para celebrar el D\u00eda Mundial del Medio Ambiente y tuvo las siguientes 4 ponencias:<\/p>\n<ul>\n<li><a href=\"http:\/\/www.reciplasa.es\/wp-content\/uploads\/2013\/12\/UJI-5-de-junio.pdf\">Retos de Gesti\u00f3n de Residuos ante el Horizonte 2020<\/a>\u00a0por Alodia P\u00e9rez \u00a0de Amigos de la Tierra<\/li>\n<li><a href=\"http:\/\/www.reciplasa.es\/wp-content\/uploads\/2013\/12\/Sanchez-Hervas-Mesa-Redonda-Gesti\u00f3n-RSU-Castell\u00f3n-Junio-2017.pdf\">Valorizaci\u00f3n Energ\u00e9tica de Residuos<\/a>\u00a0por\u00a0Jos\u00e9 Mar\u00eda S\u00e1nchez Herv\u00e1s director general de CIEMAT<\/li>\n<li><a href=\"http:\/\/www.reciplasa.es\/wp-content\/uploads\/2013\/12\/PRESENTACIO-CASTELLO-5-JUNY-2017-.pdf\"> Gesti\u00f3n de residuos y econom\u00eda circular<\/a>\u00a0por\u00a0Joan Piquer director general del Cambio Clim\u00e1tico\u00a0y Calidad Ambiental de la Generalitat Valenciana<\/li>\n<li><a href=\"http:\/\/www.reciplasa.es\/wp-content\/uploads\/2013\/12\/20170106-URJI-RECOGIDA-SELECTIVA-RESIDUOS-URBANOS-Cesar-Rico.pdf\">Recogida selectiva de residuos urbanos<\/a>\u00a0por\u00a0C\u00e9sar Rico director de ANEPMA<\/li>\n<\/ul>\n","protected":false},"excerpt":{"rendered":"<p>En esta p\u00e1gina podr\u00e9is encontrar\u00a0las presentaciones de todas las ponencias en las que colabore Reciplasa. Ponencias de la mesa redonda del 5 de junio 2017 La mesa redonda sobre la\u00a0&#8220;Gesti\u00f3n de Residuos S\u00f3lidos Urbanos (RSU): retos y alternativas de futuro&#8221; fue organizada por la C\u00e1tedra Reciplasa en el Menador de Castell\u00f3n, para celebrar el D\u00edaDale que hay m\u00e1s &#8230;<\/p>\n","protected":false},"author":3,"featured_media":0,"parent":0,"menu_order":0,"comment_status":"closed","ping_status":"closed","template":"","meta":{"footnotes":""},"class_list":["post-12612","page","type-page","status-publish","hentry"],"yoast_head":"<!-- This site is optimized with the Yoast SEO plugin v26.6 - https:\/\/yoast.com\/wordpress\/plugins\/seo\/ -->\n<title>Ponencias - RECIPLASA<\/title>\n<meta name=\"robots\" content=\"index, follow, max-snippet:-1, max-image-preview:large, max-video-preview:-1\" \/>\n<link rel=\"canonical\" href=\"https:\/\/www.reciplasa.es\/ponencias\/\" \/>\n<meta property=\"og:locale\" content=\"en_US\" \/>\n<meta property=\"og:type\" content=\"article\" \/>\n<meta property=\"og:title\" content=\"Ponencias - RECIPLASA\" \/>\n<meta property=\"og:description\" content=\"En esta p\u00e1gina podr\u00e9is encontrar\u00a0las presentaciones de todas las ponencias en las que colabore Reciplasa. Ponencias de la mesa redonda del 5 de junio 2017 La mesa redonda sobre la\u00a0&#8220;Gesti\u00f3n de Residuos S\u00f3lidos Urbanos (RSU): retos y alternativas de futuro&#8221; fue organizada por la C\u00e1tedra Reciplasa en el Menador de Castell\u00f3n, para celebrar el D\u00edaDale que hay m\u00e1s ...\" \/>\n<meta property=\"og:url\" content=\"https:\/\/www.reciplasa.es\/ponencias\/\" \/>\n<meta property=\"og:site_name\" content=\"RECIPLASA\" \/>\n<meta property=\"article:modified_time\" content=\"2017-06-21T07:31:29+00:00\" \/>\n<meta name=\"twitter:card\" content=\"summary_large_image\" \/>\n<meta name=\"twitter:label1\" content=\"Est. reading time\" \/>\n\t<meta name=\"twitter:data1\" content=\"1 minute\" \/>\n<script type=\"application\/ld+json\" class=\"yoast-schema-graph\">{\"@context\":\"https:\/\/schema.org\",\"@graph\":[{\"@type\":\"WebPage\",\"@id\":\"https:\/\/www.reciplasa.es\/ponencias\/\",\"url\":\"https:\/\/www.reciplasa.es\/ponencias\/\",\"name\":\"Ponencias - RECIPLASA\",\"isPartOf\":{\"@id\":\"https:\/\/www.reciplasa.es\/#website\"},\"datePublished\":\"2017-06-20T11:21:03+00:00\",\"dateModified\":\"2017-06-21T07:31:29+00:00\",\"breadcrumb\":{\"@id\":\"https:\/\/www.reciplasa.es\/ponencias\/#breadcrumb\"},\"inLanguage\":\"va-VA\",\"potentialAction\":[{\"@type\":\"ReadAction\",\"target\":[\"https:\/\/www.reciplasa.es\/ponencias\/\"]}]},{\"@type\":\"BreadcrumbList\",\"@id\":\"https:\/\/www.reciplasa.es\/ponencias\/#breadcrumb\",\"itemListElement\":[{\"@type\":\"ListItem\",\"position\":1,\"name\":\"Portada\",\"item\":\"https:\/\/www.reciplasa.es\/va\/\"},{\"@type\":\"ListItem\",\"position\":2,\"name\":\"Ponencias\"}]},{\"@type\":\"WebSite\",\"@id\":\"https:\/\/www.reciplasa.es\/#website\",\"url\":\"https:\/\/www.reciplasa.es\/\",\"name\":\"RECIPLASA\",\"description\":\"Reciclats de Residus La Plana SA\",\"potentialAction\":[{\"@type\":\"SearchAction\",\"target\":{\"@type\":\"EntryPoint\",\"urlTemplate\":\"https:\/\/www.reciplasa.es\/?s={search_term_string}\"},\"query-input\":{\"@type\":\"PropertyValueSpecification\",\"valueRequired\":true,\"valueName\":\"search_term_string\"}}],\"inLanguage\":\"va-VA\"}]}<\/script>\n<!-- \/ Yoast SEO plugin. -->","yoast_head_json":{"title":"Ponencias - RECIPLASA","robots":{"index":"index","follow":"follow","max-snippet":"max-snippet:-1","max-image-preview":"max-image-preview:large","max-video-preview":"max-video-preview:-1"},"canonical":"https:\/\/www.reciplasa.es\/ponencias\/","og_locale":"en_US","og_type":"article","og_title":"Ponencias - RECIPLASA","og_description":"En esta p\u00e1gina podr\u00e9is encontrar\u00a0las presentaciones de todas las ponencias en las que colabore Reciplasa. Ponencias de la mesa redonda del 5 de junio 2017 La mesa redonda sobre la\u00a0&#8220;Gesti\u00f3n de Residuos S\u00f3lidos Urbanos (RSU): retos y alternativas de futuro&#8221; fue organizada por la C\u00e1tedra Reciplasa en el Menador de Castell\u00f3n, para celebrar el D\u00edaDale que hay m\u00e1s ...","og_url":"https:\/\/www.reciplasa.es\/ponencias\/","og_site_name":"RECIPLASA","article_modified_time":"2017-06-21T07:31:29+00:00","twitter_card":"summary_large_image","twitter_misc":{"Est. reading time":"1 minute"},"schema":{"@context":"https:\/\/schema.org","@graph":[{"@type":"WebPage","@id":"https:\/\/www.reciplasa.es\/ponencias\/","url":"https:\/\/www.reciplasa.es\/ponencias\/","name":"Ponencias - RECIPLASA","isPartOf":{"@id":"https:\/\/www.reciplasa.es\/#website"},"datePublished":"2017-06-20T11:21:03+00:00","dateModified":"2017-06-21T07:31:29+00:00","breadcrumb":{"@id":"https:\/\/www.reciplasa.es\/ponencias\/#breadcrumb"},"inLanguage":"va-VA","potentialAction":[{"@type":"ReadAction","target":["https:\/\/www.reciplasa.es\/ponencias\/"]}]},{"@type":"BreadcrumbList","@id":"https:\/\/www.reciplasa.es\/ponencias\/#breadcrumb","itemListElement":[{"@type":"ListItem","position":1,"name":"Portada","item":"https:\/\/www.reciplasa.es\/va\/"},{"@type":"ListItem","position":2,"name":"Ponencias"}]},{"@type":"WebSite","@id":"https:\/\/www.reciplasa.es\/#website","url":"https:\/\/www.reciplasa.es\/","name":"RECIPLASA","description":"Reciclats de Residus La Plana SA","potentialAction":[{"@type":"SearchAction","target":{"@type":"EntryPoint","urlTemplate":"https:\/\/www.reciplasa.es\/?s={search_term_string}"},"query-input":{"@type":"PropertyValueSpecification","valueRequired":true,"valueName":"search_term_string"}}],"inLanguage":"va-VA"}]}},"_links":{"self":[{"href":"https:\/\/www.reciplasa.es\/va\/wp-json\/wp\/v2\/pages\/12612","targetHints":{"allow":["GET"]}}],"collection":[{"href":"https:\/\/www.reciplasa.es\/va\/wp-json\/wp\/v2\/pages"}],"about":[{"href":"https:\/\/www.reciplasa.es\/va\/wp-json\/wp\/v2\/types\/page"}],"author":[{"embeddable":true,"href":"https:\/\/www.reciplasa.es\/va\/wp-json\/wp\/v2\/users\/3"}],"replies":[{"embeddable":true,"href":"https:\/\/www.reciplasa.es\/va\/wp-json\/wp\/v2\/comments?post=12612"}],"version-history":[{"count":6,"href":"https:\/\/www.reciplasa.es\/va\/wp-json\/wp\/v2\/pages\/12612\/revisions"}],"predecessor-version":[{"id":12640,"href":"https:\/\/www.reciplasa.es\/va\/wp-json\/wp\/v2\/pages\/12612\/revisions\/12640"}],"wp:attachment":[{"href":"https:\/\/www.reciplasa.es\/va\/wp-json\/wp\/v2\/media?parent=12612"}],"curies":[{"name":"wp","href":"https:\/\/api.w.org\/{rel}","templated":true}]}}