{"id":12616,"date":"2017-06-20T11:25:55","date_gmt":"2017-06-20T11:25:55","guid":{"rendered":"http:\/\/www.reciplasa.es\/?page_id=12616\/"},"modified":"2017-06-20T11:40:39","modified_gmt":"2017-06-20T11:40:39","slug":"ponencies","status":"publish","type":"page","link":"https:\/\/www.reciplasa.es\/va\/ponencies\/","title":{"rendered":"Pon\u00e8ncies"},"content":{"rendered":"<p>En aquesta p\u00e0gina podreu trobar les presentacions de totes les pon\u00e8ncies en les quals col\u00b7labore Reciplasa.<\/p>\n<h2><span style=\"font-size: 14pt; color: #000000;\"><strong>Pon\u00e8ncies de la taula rodona\u00a0del 5 de juny 2017<\/strong><\/span><\/h2>\n<p>La taula rodona sobre la &#8220;Gesti\u00f3 de Residus S\u00f2lids Urbans (RSU): reptes i alternatives de futur&#8221; va ser organitzada per la C\u00e0tedra Reciplasa en el Menador de Castell\u00f3, per a celebrar el Dia Mundial del Medi ambient i va tenir les seg\u00fcents 4 pon\u00e8ncies:<\/p>\n<ul>\n<li><a href=\"http:\/\/www.reciplasa.es\/wp-content\/uploads\/2013\/12\/UJI-5-de-junio.pdf\">Reptes de Gesti\u00f3 de Residus front al Horitz\u00f3 de 2020<\/a>\u00a0per Amigos de la Tierra<\/li>\n<li><a href=\"http:\/\/www.reciplasa.es\/wp-content\/uploads\/2013\/12\/Sanchez-Hervas-Mesa-Redonda-Gesti\u00f3n-RSU-Castell\u00f3n-Junio-2017.pdf\">Valoritzaci\u00f3 Energ\u00e8tica de Residus<\/a>\u00a0per\u00a0Jos\u00e9 Mar\u00eda S\u00e1nchez Herv\u00e1s<\/li>\n<li><a href=\"http:\/\/www.reciplasa.es\/wp-content\/uploads\/2013\/12\/PRESENTACIO-CASTELLO-5-JUNY-2017-.pdf\">Gesti\u00f3 de residus i\u00a0economia circular<\/a>\u00a0per\u00a0Direcci\u00f3 General del Canvi Clim\u00e0tic i\u00a0Qualitat Ambiental de la Generalitat Valenciana<\/li>\n<li><a href=\"http:\/\/www.reciplasa.es\/wp-content\/uploads\/2013\/12\/20170106-URJI-RECOGIDA-SELECTIVA-RESIDUOS-URBANOS-Cesar-Rico.pdf\">Recollida selectiva de residus urbans<\/a>\u00a0per\u00a0C\u00e9sar Rico<\/li>\n<\/ul>\n","protected":false},"excerpt":{"rendered":"<p>En aquesta p\u00e0gina podreu trobar les presentacions de totes les pon\u00e8ncies en les quals col\u00b7labore Reciplasa. Pon\u00e8ncies de la taula rodona\u00a0del 5 de juny 2017 La taula rodona sobre la &#8220;Gesti\u00f3 de Residus S\u00f2lids Urbans (RSU): reptes i alternatives de futur&#8221; va ser organitzada per la C\u00e0tedra Reciplasa en el Menador de Castell\u00f3, per aDale que hay m\u00e1s &#8230;<\/p>\n","protected":false},"author":3,"featured_media":0,"parent":0,"menu_order":0,"comment_status":"closed","ping_status":"closed","template":"","meta":{"footnotes":""},"class_list":["post-12616","page","type-page","status-publish","hentry"],"yoast_head":"<!-- This site is optimized with the Yoast SEO plugin v27.4 - https:\/\/yoast.com\/product\/yoast-seo-wordpress\/ -->\n<title>Pon\u00e8ncies - RECIPLASA<\/title>\n<meta name=\"robots\" content=\"index, follow, max-snippet:-1, max-image-preview:large, max-video-preview:-1\" \/>\n<link rel=\"canonical\" href=\"https:\/\/www.reciplasa.es\/va\/ponencies\/\" \/>\n<meta property=\"og:locale\" content=\"en_US\" \/>\n<meta property=\"og:type\" content=\"article\" \/>\n<meta property=\"og:title\" content=\"Pon\u00e8ncies - RECIPLASA\" \/>\n<meta property=\"og:description\" content=\"En aquesta p\u00e0gina podreu trobar les presentacions de totes les pon\u00e8ncies en les quals col\u00b7labore Reciplasa. Pon\u00e8ncies de la taula rodona\u00a0del 5 de juny 2017 La taula rodona sobre la &#8220;Gesti\u00f3 de Residus S\u00f2lids Urbans (RSU): reptes i alternatives de futur&#8221; va ser organitzada per la C\u00e0tedra Reciplasa en el Menador de Castell\u00f3, per aDale que hay m\u00e1s ...\" \/>\n<meta property=\"og:url\" content=\"https:\/\/www.reciplasa.es\/va\/ponencies\/\" \/>\n<meta property=\"og:site_name\" content=\"RECIPLASA\" \/>\n<meta property=\"article:modified_time\" content=\"2017-06-20T11:40:39+00:00\" \/>\n<meta name=\"twitter:card\" content=\"summary_large_image\" \/>\n<meta name=\"twitter:label1\" content=\"Est. reading time\" \/>\n\t<meta name=\"twitter:data1\" content=\"1 minute\" \/>\n<script type=\"application\/ld+json\" class=\"yoast-schema-graph\">{\"@context\":\"https:\\\/\\\/schema.org\",\"@graph\":[{\"@type\":\"WebPage\",\"@id\":\"https:\\\/\\\/www.reciplasa.es\\\/va\\\/ponencies\\\/\",\"url\":\"https:\\\/\\\/www.reciplasa.es\\\/va\\\/ponencies\\\/\",\"name\":\"Pon\u00e8ncies - RECIPLASA\",\"isPartOf\":{\"@id\":\"https:\\\/\\\/www.reciplasa.es\\\/#website\"},\"datePublished\":\"2017-06-20T11:25:55+00:00\",\"dateModified\":\"2017-06-20T11:40:39+00:00\",\"breadcrumb\":{\"@id\":\"https:\\\/\\\/www.reciplasa.es\\\/va\\\/ponencies\\\/#breadcrumb\"},\"inLanguage\":\"va-VA\",\"potentialAction\":[{\"@type\":\"ReadAction\",\"target\":[\"https:\\\/\\\/www.reciplasa.es\\\/va\\\/ponencies\\\/\"]}]},{\"@type\":\"BreadcrumbList\",\"@id\":\"https:\\\/\\\/www.reciplasa.es\\\/va\\\/ponencies\\\/#breadcrumb\",\"itemListElement\":[{\"@type\":\"ListItem\",\"position\":1,\"name\":\"Portada\",\"item\":\"https:\\\/\\\/www.reciplasa.es\\\/va\\\/\"},{\"@type\":\"ListItem\",\"position\":2,\"name\":\"Pon\u00e8ncies\"}]},{\"@type\":\"WebSite\",\"@id\":\"https:\\\/\\\/www.reciplasa.es\\\/#website\",\"url\":\"https:\\\/\\\/www.reciplasa.es\\\/\",\"name\":\"RECIPLASA\",\"description\":\"Reciclats de Residus La Plana SA\",\"potentialAction\":[{\"@type\":\"SearchAction\",\"target\":{\"@type\":\"EntryPoint\",\"urlTemplate\":\"https:\\\/\\\/www.reciplasa.es\\\/?s={search_term_string}\"},\"query-input\":{\"@type\":\"PropertyValueSpecification\",\"valueRequired\":true,\"valueName\":\"search_term_string\"}}],\"inLanguage\":\"va-VA\"}]}<\/script>\n<!-- \/ Yoast SEO plugin. -->","yoast_head_json":{"title":"Pon\u00e8ncies - RECIPLASA","robots":{"index":"index","follow":"follow","max-snippet":"max-snippet:-1","max-image-preview":"max-image-preview:large","max-video-preview":"max-video-preview:-1"},"canonical":"https:\/\/www.reciplasa.es\/va\/ponencies\/","og_locale":"en_US","og_type":"article","og_title":"Pon\u00e8ncies - RECIPLASA","og_description":"En aquesta p\u00e0gina podreu trobar les presentacions de totes les pon\u00e8ncies en les quals col\u00b7labore Reciplasa. Pon\u00e8ncies de la taula rodona\u00a0del 5 de juny 2017 La taula rodona sobre la &#8220;Gesti\u00f3 de Residus S\u00f2lids Urbans (RSU): reptes i alternatives de futur&#8221; va ser organitzada per la C\u00e0tedra Reciplasa en el Menador de Castell\u00f3, per aDale que hay m\u00e1s ...","og_url":"https:\/\/www.reciplasa.es\/va\/ponencies\/","og_site_name":"RECIPLASA","article_modified_time":"2017-06-20T11:40:39+00:00","twitter_card":"summary_large_image","twitter_misc":{"Est. reading time":"1 minute"},"schema":{"@context":"https:\/\/schema.org","@graph":[{"@type":"WebPage","@id":"https:\/\/www.reciplasa.es\/va\/ponencies\/","url":"https:\/\/www.reciplasa.es\/va\/ponencies\/","name":"Pon\u00e8ncies - RECIPLASA","isPartOf":{"@id":"https:\/\/www.reciplasa.es\/#website"},"datePublished":"2017-06-20T11:25:55+00:00","dateModified":"2017-06-20T11:40:39+00:00","breadcrumb":{"@id":"https:\/\/www.reciplasa.es\/va\/ponencies\/#breadcrumb"},"inLanguage":"va-VA","potentialAction":[{"@type":"ReadAction","target":["https:\/\/www.reciplasa.es\/va\/ponencies\/"]}]},{"@type":"BreadcrumbList","@id":"https:\/\/www.reciplasa.es\/va\/ponencies\/#breadcrumb","itemListElement":[{"@type":"ListItem","position":1,"name":"Portada","item":"https:\/\/www.reciplasa.es\/va\/"},{"@type":"ListItem","position":2,"name":"Pon\u00e8ncies"}]},{"@type":"WebSite","@id":"https:\/\/www.reciplasa.es\/#website","url":"https:\/\/www.reciplasa.es\/","name":"RECIPLASA","description":"Reciclats de Residus La Plana SA","potentialAction":[{"@type":"SearchAction","target":{"@type":"EntryPoint","urlTemplate":"https:\/\/www.reciplasa.es\/?s={search_term_string}"},"query-input":{"@type":"PropertyValueSpecification","valueRequired":true,"valueName":"search_term_string"}}],"inLanguage":"va-VA"}]}},"_links":{"self":[{"href":"https:\/\/www.reciplasa.es\/va\/wp-json\/wp\/v2\/pages\/12616","targetHints":{"allow":["GET"]}}],"collection":[{"href":"https:\/\/www.reciplasa.es\/va\/wp-json\/wp\/v2\/pages"}],"about":[{"href":"https:\/\/www.reciplasa.es\/va\/wp-json\/wp\/v2\/types\/page"}],"author":[{"embeddable":true,"href":"https:\/\/www.reciplasa.es\/va\/wp-json\/wp\/v2\/users\/3"}],"replies":[{"embeddable":true,"href":"https:\/\/www.reciplasa.es\/va\/wp-json\/wp\/v2\/comments?post=12616"}],"version-history":[{"count":3,"href":"https:\/\/www.reciplasa.es\/va\/wp-json\/wp\/v2\/pages\/12616\/revisions"}],"predecessor-version":[{"id":12627,"href":"https:\/\/www.reciplasa.es\/va\/wp-json\/wp\/v2\/pages\/12616\/revisions\/12627"}],"wp:attachment":[{"href":"https:\/\/www.reciplasa.es\/va\/wp-json\/wp\/v2\/media?parent=12616"}],"curies":[{"name":"wp","href":"https:\/\/api.w.org\/{rel}","templated":true}]}}