{"id":13122,"date":"2018-02-07T11:03:32","date_gmt":"2018-02-07T11:03:32","guid":{"rendered":"http:\/\/www.reciplasa.es\/?page_id=13122\/"},"modified":"2023-03-22T08:45:59","modified_gmt":"2023-03-22T08:45:59","slug":"quefemambelfem","status":"publish","type":"page","link":"https:\/\/www.reciplasa.es\/va\/quefemambelfem\/","title":{"rendered":"Qu\u00e8 fem amb el fem?"},"content":{"rendered":"<p><img loading=\"lazy\" decoding=\"async\" class=\"aligncenter size-full wp-image-13144\" src=\"http:\/\/www.reciplasa.es\/wp-content\/uploads\/2018\/02\/banner-web.png\" alt=\"\" width=\"954\" height=\"274\" srcset=\"https:\/\/www.reciplasa.es\/wp-content\/uploads\/2018\/02\/banner-web.png 954w, https:\/\/www.reciplasa.es\/wp-content\/uploads\/2018\/02\/banner-web-300x86.png 300w, https:\/\/www.reciplasa.es\/wp-content\/uploads\/2018\/02\/banner-web-768x221.png 768w\" sizes=\"auto, (max-width: 954px) 100vw, 954px\" \/><\/p>\n<h2>Qu\u00e8 \u00e9s?<\/h2>\n<p><strong>&#8220;Qu\u00e8 fem amb el fem?&#8221;<\/strong> \u00e9s un concurs de <strong>maquetes<\/strong>, <strong>v\u00eddeo i <\/strong><strong>relat\/conte<\/strong> que enguany celebra la cinquena edici\u00f3. La tem\u00e0tica \u00e9s la gesti\u00f3 de residus s\u00f2lids urbans i\/o el seu possible impacte ambiental. Es tracta d\u2019una iniciativa de <b>RECIPLASA<\/b> amb la col\u00b7laboraci\u00f3 del <strong><a href=\"http:\/\/mestreacasa.gva.es\/web\/cefirecastello\">CEFIRE de Castell\u00f3<\/a>, la\u00a0<a href=\"http:\/\/catedrareciplasa.uji.es\/es\/home-alternativa\/\">C\u00e1tedra Reciplasa UJI<\/a>\u00a0y el Seminario de Educaci\u00f3n Ambiental de Castell\u00f3.<\/strong><\/p>\n<p>Per a m\u00e9s informaci\u00f3, pots adre\u00e7ar-te a\u00a0<a id=\"m_206987975990873548LPlnk852549\" href=\"mailto:cseducacioambiental@gmail.com\" target=\"_blank\" rel=\"noopener noreferrer\">cseducacioambiental@gmail.com<\/a>\u00a0o\u00a0<a href=\"mailto:catedrareciplasa@uji.es\">catedrareciplasa@uji.es<\/a><\/p>\n<h2>Qui pot participar?<\/h2>\n<p>Estudiants d&#8217;<strong>educaci\u00f3 Infantil, Prim\u00e0ria, Secundaria, i centres d\u2019Educaci\u00f3 Especial<\/strong><b>\u00a0<\/b>dels\u00a0docents participants.<\/p>\n<h2>Bases de participaci\u00f3<\/h2>\n<p>Pots participar en les seg\u00fcents modalitats, tant en valenci\u00e0, castell\u00e0 o angl\u00e8s:<\/p>\n<p><em><strong>Maquetaci\u00f3:\u00a0<\/strong><\/em>Elaboraci\u00f3 de models tridimensionals.\u00a0Per presentar aquesta proposta s\u2019hauran d\u2019adjuntar fotografies del proc\u00e9s i el treball final junt al formulari d\u2019inscripci\u00f3, guardant els treballs f\u00edsics fins el lliurament dels premis, fincant-los a disposici\u00f3 del jurat.<\/p>\n<p><b><em>V\u00eddeo:<\/em>\u00a0<\/b>Audiovisual d\u2019una durada m\u00e0xima de\u00a05 minuts. S\u2019ha de presentar en format MP4 que no superi els 100MB. El t\u00edtol i descripci\u00f3 de 50 a 100 paraules s\u2019han d\u2019introduir en el formulari web d\u2019inscripci\u00f3 del treball.<\/p>\n<p><b><em>Relat\/conte:<\/em>\u00a0<\/b>Escrit d\u2019estil lliure amb una extensi\u00f3 m\u00e0xima de 1000 paraules. S\u2019ha de presentar a trav\u00e9s del formulari web acompanyat per un t\u00edtol en format pdf.<\/p>\n<p>Trobar\u00e0s tota la informaci\u00f3 en les\u00a0<a href=\"https:\/\/www.reciplasa.es\/wp-content\/uploads\/2013\/12\/Bases-QFAF-2023.pdf\"><strong>Bases &#8220;Qu\u00e8 fem amb el fem?<\/strong>&#8220;<\/a>.<\/p>\n<h2>Com\u00a0presente\u00a0la meua creaci\u00f3?<\/h2>\n<p>Has d&#8217;<strong>inscriure&#8217;t<\/strong> i <strong>presentar la teua creaci\u00f3<\/strong> fins al <strong>13 de maig de 2023<\/strong>\u00a0fent <a href=\"https:\/\/docs.google.com\/forms\/d\/e\/1FAIpQLScWgK1GLEt16maF1bhqRLTOLG5FXEeZXRWJSKEUcQDRDTNGLA\/viewform?fbclid=IwAR0zzueWqQqFowWEjNkjtJR7N_LGnGP-TIJ06YMLZ-ZTvg_W98EPLTv5V5U\">clic ac\u00ed<\/a>. L&#8217;entrega de premis ser\u00e0 el 5 de juny a l&#8217;UJI, coincidint amb el Dia Mundial del Medi Ambient.<\/p>\n<h2>Quins s\u00f3n els premis?<\/h2>\n<p>La C\u00e0tedra Reciplasa atorgar\u00e0 4 premis als millors projectes presentats, un premi per nivell educatiu (Infantil, Prim\u00e0ria i ESO) i a m\u00e9s a m\u00e9s 1 premi al millor treball d\u2019alumnes d\u2019educaci\u00f3 especial.<\/p>\n<h4>Objectius del concurs:<\/h4>\n<ul>\n<li>Aproximar la gesti\u00f3 dels residus a la nostra comunitat.<\/li>\n<li>Reduir la quantitat de residus del nostre entorn.<\/li>\n<li>Refor\u00e7ar el coneixement en la tipologies de residus i la seua gesti\u00f3 (cicle de tractament de residus s\u00f2lids).<\/li>\n<li>Millorar la recollida selectiva de residus s\u00f2lids en origen i entendre el seu impacte sobre la comunitat.<\/li>\n<li>Refor\u00e7ar conscienciaci\u00f3 en edats educatives primerenques.<\/li>\n<\/ul>\n","protected":false},"excerpt":{"rendered":"<p>Qu\u00e8 \u00e9s? &#8220;Qu\u00e8 fem amb el fem?&#8221; \u00e9s un concurs de maquetes, v\u00eddeo i relat\/conte que enguany celebra la cinquena edici\u00f3. La tem\u00e0tica \u00e9s la gesti\u00f3 de residus s\u00f2lids urbans i\/o el seu possible impacte ambiental. Es tracta d\u2019una iniciativa de RECIPLASA amb la col\u00b7laboraci\u00f3 del CEFIRE de Castell\u00f3, la\u00a0C\u00e1tedra Reciplasa UJI\u00a0y el Seminario deDale que hay m\u00e1s &#8230;<\/p>\n","protected":false},"author":3,"featured_media":0,"parent":0,"menu_order":0,"comment_status":"closed","ping_status":"closed","template":"","meta":{"footnotes":""},"class_list":["post-13122","page","type-page","status-publish","hentry"],"yoast_head":"<!-- This site is optimized with the Yoast SEO plugin v26.6 - https:\/\/yoast.com\/wordpress\/plugins\/seo\/ -->\n<title>Qu\u00e8 fem amb el fem? - RECIPLASA<\/title>\n<meta name=\"description\" content=\"Concurs escolar d&#039;infantil, prim\u00e0ria, ESO i educaci\u00f3 especial sobre la gesti\u00f3 dels residus urbans que tracta fomentar una societat m\u00e9s sostenible.\" \/>\n<meta name=\"robots\" content=\"index, follow, max-snippet:-1, max-image-preview:large, max-video-preview:-1\" \/>\n<link rel=\"canonical\" href=\"https:\/\/www.reciplasa.es\/quefemambelfem\/\" \/>\n<meta property=\"og:locale\" content=\"en_US\" \/>\n<meta property=\"og:type\" content=\"article\" \/>\n<meta property=\"og:title\" content=\"Qu\u00e8 fem amb el fem? - RECIPLASA\" \/>\n<meta property=\"og:description\" content=\"Concurs escolar d&#039;infantil, prim\u00e0ria, ESO i educaci\u00f3 especial sobre la gesti\u00f3 dels residus urbans que tracta fomentar una societat m\u00e9s sostenible.\" \/>\n<meta property=\"og:url\" content=\"https:\/\/www.reciplasa.es\/quefemambelfem\/\" \/>\n<meta property=\"og:site_name\" content=\"RECIPLASA\" \/>\n<meta property=\"article:modified_time\" content=\"2023-03-22T08:45:59+00:00\" \/>\n<meta property=\"og:image\" content=\"http:\/\/www.reciplasa.es\/wp-content\/uploads\/2018\/02\/banner-web.png\" \/>\n<meta name=\"twitter:card\" content=\"summary_large_image\" \/>\n<meta name=\"twitter:label1\" content=\"Est. reading time\" \/>\n\t<meta name=\"twitter:data1\" content=\"2 minutes\" \/>\n<script type=\"application\/ld+json\" class=\"yoast-schema-graph\">{\"@context\":\"https:\/\/schema.org\",\"@graph\":[{\"@type\":\"WebPage\",\"@id\":\"https:\/\/www.reciplasa.es\/quefemambelfem\/\",\"url\":\"https:\/\/www.reciplasa.es\/quefemambelfem\/\",\"name\":\"Qu\u00e8 fem amb el fem? - RECIPLASA\",\"isPartOf\":{\"@id\":\"https:\/\/www.reciplasa.es\/#website\"},\"primaryImageOfPage\":{\"@id\":\"https:\/\/www.reciplasa.es\/quefemambelfem\/#primaryimage\"},\"image\":{\"@id\":\"https:\/\/www.reciplasa.es\/quefemambelfem\/#primaryimage\"},\"thumbnailUrl\":\"http:\/\/www.reciplasa.es\/wp-content\/uploads\/2018\/02\/banner-web.png\",\"datePublished\":\"2018-02-07T11:03:32+00:00\",\"dateModified\":\"2023-03-22T08:45:59+00:00\",\"description\":\"Concurs escolar d'infantil, prim\u00e0ria, ESO i educaci\u00f3 especial sobre la gesti\u00f3 dels residus urbans que tracta fomentar una societat m\u00e9s sostenible.\",\"breadcrumb\":{\"@id\":\"https:\/\/www.reciplasa.es\/quefemambelfem\/#breadcrumb\"},\"inLanguage\":\"va-VA\",\"potentialAction\":[{\"@type\":\"ReadAction\",\"target\":[\"https:\/\/www.reciplasa.es\/quefemambelfem\/\"]}]},{\"@type\":\"ImageObject\",\"inLanguage\":\"va-VA\",\"@id\":\"https:\/\/www.reciplasa.es\/quefemambelfem\/#primaryimage\",\"url\":\"http:\/\/www.reciplasa.es\/wp-content\/uploads\/2018\/02\/banner-web.png\",\"contentUrl\":\"http:\/\/www.reciplasa.es\/wp-content\/uploads\/2018\/02\/banner-web.png\"},{\"@type\":\"BreadcrumbList\",\"@id\":\"https:\/\/www.reciplasa.es\/quefemambelfem\/#breadcrumb\",\"itemListElement\":[{\"@type\":\"ListItem\",\"position\":1,\"name\":\"Portada\",\"item\":\"https:\/\/www.reciplasa.es\/va\/\"},{\"@type\":\"ListItem\",\"position\":2,\"name\":\"Qu\u00e8 fem amb el fem?\"}]},{\"@type\":\"WebSite\",\"@id\":\"https:\/\/www.reciplasa.es\/#website\",\"url\":\"https:\/\/www.reciplasa.es\/\",\"name\":\"RECIPLASA\",\"description\":\"Reciclats de Residus La Plana SA\",\"potentialAction\":[{\"@type\":\"SearchAction\",\"target\":{\"@type\":\"EntryPoint\",\"urlTemplate\":\"https:\/\/www.reciplasa.es\/?s={search_term_string}\"},\"query-input\":{\"@type\":\"PropertyValueSpecification\",\"valueRequired\":true,\"valueName\":\"search_term_string\"}}],\"inLanguage\":\"va-VA\"}]}<\/script>\n<!-- \/ Yoast SEO plugin. -->","yoast_head_json":{"title":"Qu\u00e8 fem amb el fem? - RECIPLASA","description":"Concurs escolar d'infantil, prim\u00e0ria, ESO i educaci\u00f3 especial sobre la gesti\u00f3 dels residus urbans que tracta fomentar una societat m\u00e9s sostenible.","robots":{"index":"index","follow":"follow","max-snippet":"max-snippet:-1","max-image-preview":"max-image-preview:large","max-video-preview":"max-video-preview:-1"},"canonical":"https:\/\/www.reciplasa.es\/quefemambelfem\/","og_locale":"en_US","og_type":"article","og_title":"Qu\u00e8 fem amb el fem? - RECIPLASA","og_description":"Concurs escolar d'infantil, prim\u00e0ria, ESO i educaci\u00f3 especial sobre la gesti\u00f3 dels residus urbans que tracta fomentar una societat m\u00e9s sostenible.","og_url":"https:\/\/www.reciplasa.es\/quefemambelfem\/","og_site_name":"RECIPLASA","article_modified_time":"2023-03-22T08:45:59+00:00","og_image":[{"url":"http:\/\/www.reciplasa.es\/wp-content\/uploads\/2018\/02\/banner-web.png","type":"","width":"","height":""}],"twitter_card":"summary_large_image","twitter_misc":{"Est. reading time":"2 minutes"},"schema":{"@context":"https:\/\/schema.org","@graph":[{"@type":"WebPage","@id":"https:\/\/www.reciplasa.es\/quefemambelfem\/","url":"https:\/\/www.reciplasa.es\/quefemambelfem\/","name":"Qu\u00e8 fem amb el fem? - RECIPLASA","isPartOf":{"@id":"https:\/\/www.reciplasa.es\/#website"},"primaryImageOfPage":{"@id":"https:\/\/www.reciplasa.es\/quefemambelfem\/#primaryimage"},"image":{"@id":"https:\/\/www.reciplasa.es\/quefemambelfem\/#primaryimage"},"thumbnailUrl":"http:\/\/www.reciplasa.es\/wp-content\/uploads\/2018\/02\/banner-web.png","datePublished":"2018-02-07T11:03:32+00:00","dateModified":"2023-03-22T08:45:59+00:00","description":"Concurs escolar d'infantil, prim\u00e0ria, ESO i educaci\u00f3 especial sobre la gesti\u00f3 dels residus urbans que tracta fomentar una societat m\u00e9s sostenible.","breadcrumb":{"@id":"https:\/\/www.reciplasa.es\/quefemambelfem\/#breadcrumb"},"inLanguage":"va-VA","potentialAction":[{"@type":"ReadAction","target":["https:\/\/www.reciplasa.es\/quefemambelfem\/"]}]},{"@type":"ImageObject","inLanguage":"va-VA","@id":"https:\/\/www.reciplasa.es\/quefemambelfem\/#primaryimage","url":"http:\/\/www.reciplasa.es\/wp-content\/uploads\/2018\/02\/banner-web.png","contentUrl":"http:\/\/www.reciplasa.es\/wp-content\/uploads\/2018\/02\/banner-web.png"},{"@type":"BreadcrumbList","@id":"https:\/\/www.reciplasa.es\/quefemambelfem\/#breadcrumb","itemListElement":[{"@type":"ListItem","position":1,"name":"Portada","item":"https:\/\/www.reciplasa.es\/va\/"},{"@type":"ListItem","position":2,"name":"Qu\u00e8 fem amb el fem?"}]},{"@type":"WebSite","@id":"https:\/\/www.reciplasa.es\/#website","url":"https:\/\/www.reciplasa.es\/","name":"RECIPLASA","description":"Reciclats de Residus La Plana SA","potentialAction":[{"@type":"SearchAction","target":{"@type":"EntryPoint","urlTemplate":"https:\/\/www.reciplasa.es\/?s={search_term_string}"},"query-input":{"@type":"PropertyValueSpecification","valueRequired":true,"valueName":"search_term_string"}}],"inLanguage":"va-VA"}]}},"_links":{"self":[{"href":"https:\/\/www.reciplasa.es\/va\/wp-json\/wp\/v2\/pages\/13122","targetHints":{"allow":["GET"]}}],"collection":[{"href":"https:\/\/www.reciplasa.es\/va\/wp-json\/wp\/v2\/pages"}],"about":[{"href":"https:\/\/www.reciplasa.es\/va\/wp-json\/wp\/v2\/types\/page"}],"author":[{"embeddable":true,"href":"https:\/\/www.reciplasa.es\/va\/wp-json\/wp\/v2\/users\/3"}],"replies":[{"embeddable":true,"href":"https:\/\/www.reciplasa.es\/va\/wp-json\/wp\/v2\/comments?post=13122"}],"version-history":[{"count":37,"href":"https:\/\/www.reciplasa.es\/va\/wp-json\/wp\/v2\/pages\/13122\/revisions"}],"predecessor-version":[{"id":15574,"href":"https:\/\/www.reciplasa.es\/va\/wp-json\/wp\/v2\/pages\/13122\/revisions\/15574"}],"wp:attachment":[{"href":"https:\/\/www.reciplasa.es\/va\/wp-json\/wp\/v2\/media?parent=13122"}],"curies":[{"name":"wp","href":"https:\/\/api.w.org\/{rel}","templated":true}]}}