{"id":34304,"date":"2026-01-15T09:24:38","date_gmt":"2026-01-15T09:24:38","guid":{"rendered":"https:\/\/www.reciplasa.es\/proyecto-adisafe\/"},"modified":"2026-01-15T09:24:38","modified_gmt":"2026-01-15T09:24:38","slug":"proyecto-adisafe","status":"publish","type":"page","link":"https:\/\/www.reciplasa.es\/va\/proyecto-adisafe\/","title":{"rendered":"Proyecto ADISAFE"},"content":{"rendered":"<p style=\"font-weight: 400;\"><strong>N\u00daMERO DE EXPEDIENTE:<\/strong> INNEST\/2025\/474<\/p>\n<p style=\"font-weight: 400;\"><strong>PROGRAMA:<\/strong> Proyectos estrat\u00e9gicos en cooperaci\u00f3n<\/p>\n<p style=\"font-weight: 400;\"><strong>L\u00cdNEA PRESUPUESTARIA:<\/strong> S1010 (20250000009)<\/p>\n<p style=\"font-weight: 400;\"><strong>CATEGOR\u00cdA DEL PROYECTO:<\/strong> Desarrollo experimental<\/p>\n<p style=\"font-weight: 400;\"><strong>T\u00cdTULO DEL PROYECTO:<\/strong> \u201cDESARROLLO DE ADITIVOS BIO-BASADOS APLICABLES A NUEVOS PL\u00c1STICOS COMPOSTABLES AMBIENTALMENTE SEGUROS Y<\/p>\n<p style=\"font-weight: 400;\">VALIDADOS EN SISTEMAS RELEVANTES DE COMPOSTABILIDAD INDUSTRIAL\u201d<\/p>\n<p style=\"font-weight: 400;\">\n<p style=\"font-weight: 400;\"><strong>Gasto subvencionable:<\/strong> 147.729,25<\/p>\n<p style=\"font-weight: 400;\"><strong>SUBVENCI\u00d3N CONCEDIDA:<\/strong> 59.091,70 \u20ac<\/p>\n<p style=\"font-weight: 400;\">\n<p><img loading=\"lazy\" decoding=\"async\" class=\"wp-image-30209 aligncenter\" src=\"https:\/\/www.reciplasa.es\/wp-content\/uploads\/2025\/12\/logos-300x24.png\" alt=\"\" width=\"1413\" height=\"113\" srcset=\"https:\/\/www.reciplasa.es\/wp-content\/uploads\/2025\/12\/logos-300x24.png 300w, https:\/\/www.reciplasa.es\/wp-content\/uploads\/2025\/12\/logos-1024x81.png 1024w, https:\/\/www.reciplasa.es\/wp-content\/uploads\/2025\/12\/logos-768x61.png 768w, https:\/\/www.reciplasa.es\/wp-content\/uploads\/2025\/12\/logos.png 1375w\" sizes=\"auto, (max-width: 1413px) 100vw, 1413px\" \/><\/p>\n","protected":false},"excerpt":{"rendered":"<p>N\u00daMERO DE EXPEDIENTE: INNEST\/2025\/474 PROGRAMA: Proyectos estrat\u00e9gicos en cooperaci\u00f3n L\u00cdNEA PRESUPUESTARIA: S1010 (20250000009) CATEGOR\u00cdA DEL PROYECTO: Desarrollo experimental T\u00cdTULO DEL PROYECTO: \u201cDESARROLLO DE ADITIVOS BIO-BASADOS APLICABLES A NUEVOS PL\u00c1STICOS COMPOSTABLES AMBIENTALMENTE SEGUROS Y VALIDADOS EN SISTEMAS RELEVANTES DE COMPOSTABILIDAD INDUSTRIAL\u201d Gasto subvencionable: 147.729,25 SUBVENCI\u00d3N CONCEDIDA: 59.091,70 \u20ac<\/p>\n","protected":false},"author":13,"featured_media":0,"parent":0,"menu_order":0,"comment_status":"closed","ping_status":"closed","template":"","meta":{"footnotes":""},"class_list":["post-34304","page","type-page","status-publish","hentry"],"yoast_head":"<!-- This site is optimized with the Yoast SEO plugin v26.6 - https:\/\/yoast.com\/wordpress\/plugins\/seo\/ -->\n<title>Proyecto ADISAFE - RECIPLASA<\/title>\n<meta name=\"robots\" content=\"index, follow, max-snippet:-1, max-image-preview:large, max-video-preview:-1\" \/>\n<link rel=\"canonical\" href=\"https:\/\/www.reciplasa.es\/va\/proyecto-adisafe\/\" \/>\n<meta property=\"og:locale\" content=\"en_US\" \/>\n<meta property=\"og:type\" content=\"article\" \/>\n<meta property=\"og:title\" content=\"Proyecto ADISAFE - RECIPLASA\" \/>\n<meta property=\"og:description\" content=\"N\u00daMERO DE EXPEDIENTE: INNEST\/2025\/474 PROGRAMA: Proyectos estrat\u00e9gicos en cooperaci\u00f3n L\u00cdNEA PRESUPUESTARIA: S1010 (20250000009) CATEGOR\u00cdA DEL PROYECTO: Desarrollo experimental T\u00cdTULO DEL PROYECTO: \u201cDESARROLLO DE ADITIVOS BIO-BASADOS APLICABLES A NUEVOS PL\u00c1STICOS COMPOSTABLES AMBIENTALMENTE SEGUROS Y VALIDADOS EN SISTEMAS RELEVANTES DE COMPOSTABILIDAD INDUSTRIAL\u201d Gasto subvencionable: 147.729,25 SUBVENCI\u00d3N CONCEDIDA: 59.091,70 \u20ac\" \/>\n<meta property=\"og:url\" content=\"https:\/\/www.reciplasa.es\/va\/proyecto-adisafe\/\" \/>\n<meta property=\"og:site_name\" content=\"RECIPLASA\" \/>\n<meta property=\"og:image\" content=\"https:\/\/www.reciplasa.es\/wp-content\/uploads\/2025\/12\/logos.png\" \/>\n\t<meta property=\"og:image:width\" content=\"1375\" \/>\n\t<meta property=\"og:image:height\" content=\"109\" \/>\n\t<meta property=\"og:image:type\" content=\"image\/png\" \/>\n<meta name=\"twitter:card\" content=\"summary_large_image\" \/>\n<script type=\"application\/ld+json\" class=\"yoast-schema-graph\">{\"@context\":\"https:\/\/schema.org\",\"@graph\":[{\"@type\":\"WebPage\",\"@id\":\"https:\/\/www.reciplasa.es\/va\/proyecto-adisafe\/\",\"url\":\"https:\/\/www.reciplasa.es\/va\/proyecto-adisafe\/\",\"name\":\"Proyecto ADISAFE - RECIPLASA\",\"isPartOf\":{\"@id\":\"https:\/\/www.reciplasa.es\/#website\"},\"primaryImageOfPage\":{\"@id\":\"https:\/\/www.reciplasa.es\/va\/proyecto-adisafe\/#primaryimage\"},\"image\":{\"@id\":\"https:\/\/www.reciplasa.es\/va\/proyecto-adisafe\/#primaryimage\"},\"thumbnailUrl\":\"https:\/\/www.reciplasa.es\/wp-content\/uploads\/2025\/12\/logos-300x24.png\",\"datePublished\":\"2026-01-15T09:24:38+00:00\",\"breadcrumb\":{\"@id\":\"https:\/\/www.reciplasa.es\/va\/proyecto-adisafe\/#breadcrumb\"},\"inLanguage\":\"va-VA\",\"potentialAction\":[{\"@type\":\"ReadAction\",\"target\":[\"https:\/\/www.reciplasa.es\/va\/proyecto-adisafe\/\"]}]},{\"@type\":\"ImageObject\",\"inLanguage\":\"va-VA\",\"@id\":\"https:\/\/www.reciplasa.es\/va\/proyecto-adisafe\/#primaryimage\",\"url\":\"https:\/\/www.reciplasa.es\/wp-content\/uploads\/2025\/12\/logos-300x24.png\",\"contentUrl\":\"https:\/\/www.reciplasa.es\/wp-content\/uploads\/2025\/12\/logos-300x24.png\"},{\"@type\":\"BreadcrumbList\",\"@id\":\"https:\/\/www.reciplasa.es\/va\/proyecto-adisafe\/#breadcrumb\",\"itemListElement\":[{\"@type\":\"ListItem\",\"position\":1,\"name\":\"Portada\",\"item\":\"https:\/\/www.reciplasa.es\/va\/\"},{\"@type\":\"ListItem\",\"position\":2,\"name\":\"Proyecto ADISAFE\"}]},{\"@type\":\"WebSite\",\"@id\":\"https:\/\/www.reciplasa.es\/#website\",\"url\":\"https:\/\/www.reciplasa.es\/\",\"name\":\"RECIPLASA\",\"description\":\"Reciclats de Residus La Plana SA\",\"potentialAction\":[{\"@type\":\"SearchAction\",\"target\":{\"@type\":\"EntryPoint\",\"urlTemplate\":\"https:\/\/www.reciplasa.es\/?s={search_term_string}\"},\"query-input\":{\"@type\":\"PropertyValueSpecification\",\"valueRequired\":true,\"valueName\":\"search_term_string\"}}],\"inLanguage\":\"va-VA\"}]}<\/script>\n<!-- \/ Yoast SEO plugin. -->","yoast_head_json":{"title":"Proyecto ADISAFE - RECIPLASA","robots":{"index":"index","follow":"follow","max-snippet":"max-snippet:-1","max-image-preview":"max-image-preview:large","max-video-preview":"max-video-preview:-1"},"canonical":"https:\/\/www.reciplasa.es\/va\/proyecto-adisafe\/","og_locale":"en_US","og_type":"article","og_title":"Proyecto ADISAFE - RECIPLASA","og_description":"N\u00daMERO DE EXPEDIENTE: INNEST\/2025\/474 PROGRAMA: Proyectos estrat\u00e9gicos en cooperaci\u00f3n L\u00cdNEA PRESUPUESTARIA: S1010 (20250000009) CATEGOR\u00cdA DEL PROYECTO: Desarrollo experimental T\u00cdTULO DEL PROYECTO: \u201cDESARROLLO DE ADITIVOS BIO-BASADOS APLICABLES A NUEVOS PL\u00c1STICOS COMPOSTABLES AMBIENTALMENTE SEGUROS Y VALIDADOS EN SISTEMAS RELEVANTES DE COMPOSTABILIDAD INDUSTRIAL\u201d Gasto subvencionable: 147.729,25 SUBVENCI\u00d3N CONCEDIDA: 59.091,70 \u20ac","og_url":"https:\/\/www.reciplasa.es\/va\/proyecto-adisafe\/","og_site_name":"RECIPLASA","og_image":[{"width":1375,"height":109,"url":"https:\/\/www.reciplasa.es\/wp-content\/uploads\/2025\/12\/logos.png","type":"image\/png"}],"twitter_card":"summary_large_image","schema":{"@context":"https:\/\/schema.org","@graph":[{"@type":"WebPage","@id":"https:\/\/www.reciplasa.es\/va\/proyecto-adisafe\/","url":"https:\/\/www.reciplasa.es\/va\/proyecto-adisafe\/","name":"Proyecto ADISAFE - RECIPLASA","isPartOf":{"@id":"https:\/\/www.reciplasa.es\/#website"},"primaryImageOfPage":{"@id":"https:\/\/www.reciplasa.es\/va\/proyecto-adisafe\/#primaryimage"},"image":{"@id":"https:\/\/www.reciplasa.es\/va\/proyecto-adisafe\/#primaryimage"},"thumbnailUrl":"https:\/\/www.reciplasa.es\/wp-content\/uploads\/2025\/12\/logos-300x24.png","datePublished":"2026-01-15T09:24:38+00:00","breadcrumb":{"@id":"https:\/\/www.reciplasa.es\/va\/proyecto-adisafe\/#breadcrumb"},"inLanguage":"va-VA","potentialAction":[{"@type":"ReadAction","target":["https:\/\/www.reciplasa.es\/va\/proyecto-adisafe\/"]}]},{"@type":"ImageObject","inLanguage":"va-VA","@id":"https:\/\/www.reciplasa.es\/va\/proyecto-adisafe\/#primaryimage","url":"https:\/\/www.reciplasa.es\/wp-content\/uploads\/2025\/12\/logos-300x24.png","contentUrl":"https:\/\/www.reciplasa.es\/wp-content\/uploads\/2025\/12\/logos-300x24.png"},{"@type":"BreadcrumbList","@id":"https:\/\/www.reciplasa.es\/va\/proyecto-adisafe\/#breadcrumb","itemListElement":[{"@type":"ListItem","position":1,"name":"Portada","item":"https:\/\/www.reciplasa.es\/va\/"},{"@type":"ListItem","position":2,"name":"Proyecto ADISAFE"}]},{"@type":"WebSite","@id":"https:\/\/www.reciplasa.es\/#website","url":"https:\/\/www.reciplasa.es\/","name":"RECIPLASA","description":"Reciclats de Residus La Plana SA","potentialAction":[{"@type":"SearchAction","target":{"@type":"EntryPoint","urlTemplate":"https:\/\/www.reciplasa.es\/?s={search_term_string}"},"query-input":{"@type":"PropertyValueSpecification","valueRequired":true,"valueName":"search_term_string"}}],"inLanguage":"va-VA"}]}},"_links":{"self":[{"href":"https:\/\/www.reciplasa.es\/va\/wp-json\/wp\/v2\/pages\/34304","targetHints":{"allow":["GET"]}}],"collection":[{"href":"https:\/\/www.reciplasa.es\/va\/wp-json\/wp\/v2\/pages"}],"about":[{"href":"https:\/\/www.reciplasa.es\/va\/wp-json\/wp\/v2\/types\/page"}],"author":[{"embeddable":true,"href":"https:\/\/www.reciplasa.es\/va\/wp-json\/wp\/v2\/users\/13"}],"replies":[{"embeddable":true,"href":"https:\/\/www.reciplasa.es\/va\/wp-json\/wp\/v2\/comments?post=34304"}],"version-history":[{"count":0,"href":"https:\/\/www.reciplasa.es\/va\/wp-json\/wp\/v2\/pages\/34304\/revisions"}],"wp:attachment":[{"href":"https:\/\/www.reciplasa.es\/va\/wp-json\/wp\/v2\/media?parent=34304"}],"curies":[{"name":"wp","href":"https:\/\/api.w.org\/{rel}","templated":true}]}}